{"id":447,"date":"2024-05-24T05:48:38","date_gmt":"2024-05-24T05:48:38","guid":{"rendered":"https:\/\/fc.milsami.com\/eget\/?page_id=447"},"modified":"2024-05-24T05:55:00","modified_gmt":"2024-05-24T05:55:00","slug":"registru","status":"publish","type":"page","link":"https:\/\/eget.md\/en\/registru","title":{"rendered":"Registru"},"content":{"rendered":"\n<div class=\"wp-block-cover alignfull has-parallax has-text-color has-link-color wp-duotone-unset-1 wp-elements-6a6603ee8fc1e401465a0dcf16402dc9\" style=\"color:#dddddd;padding-top:var(--wp--preset--spacing--30);padding-right:var(--wp--preset--spacing--30);padding-bottom:var(--wp--preset--spacing--30);padding-left:var(--wp--preset--spacing--30);min-height:777px;aspect-ratio:unset;\"><span aria-hidden=\"true\" class=\"wp-block-cover__background has-black-background-color has-background-dim\"><\/span><div class=\"wp-block-cover__image-background wp-image-450 has-parallax\" style=\"background-position:50% 50%;background-image:url(https:\/\/eget.md\/wp-content\/uploads\/2024\/05\/registru_copy.webp)\"><\/div><div class=\"wp-block-cover__inner-container is-layout-flow wp-block-cover-is-layout-flow\">\n<div class=\"wp-block-blockspare-blockspare-section-header hero blockspare-d0449a1e-c760-4 blockspare-section-header-wrapper blockspare-blocks align blockspare-block-animation bs-hover-style-5\" blockspare-animation=\"AFTclipHorizontal\"><style>.blockspare-d0449a1e-c760-4 .blockspare-section-head-wrap{background-color:transparent;text-align:center;margin-top:30px;margin-right:0px;margin-bottom:30px;margin-left:0px}.blockspare-d0449a1e-c760-4 .blockspare-section-head-wrap .blockspare-title{color:#ffffff;padding-top:0px;padding-right:0px;padding-bottom:0px;padding-left:0px;font-size:44px;font-family:Poppins;font-weight:700}.blockspare-d0449a1e-c760-4 .blockspare-section-head-wrap .blockspare-title-wrapper .blockspare-title-dash{color:#ff6900!important}.blockspare-d0449a1e-c760-4 .blockspare-section-head-wrap .blockspare-subtitle{color:#abb8c3;font-size:24px;font-family:Merriweather Sans;font-weight:300;padding-top:0px;padding-right:0px;padding-bottom:0px;padding-left:0px}@media screen and (max-width:1025px){.blockspare-d0449a1e-c760-4 .blockspare-section-head-wrap .blockspare-title{font-size:22px}.blockspare-d0449a1e-c760-4 .blockspare-section-head-wrap .blockspare-subtitle{font-size:14px}}@media screen and (max-width:768px){.blockspare-d0449a1e-c760-4 .blockspare-section-head-wrap .blockspare-title{font-size:20px}.blockspare-d0449a1e-c760-4 .blockspare-section-head-wrap .blockspare-subtitle{font-size:14px}}<\/style><div class=\"blockspare-section-head-wrap blockspare-style2 blockspare-center blockspare-hover-item\"><div class=\"blockspare-title-wrapper\"><span class=\"blockspare-title-dash blockspare-upper-dash\"><\/span><h1 class=\"blockspare-title\"><strong>Registrul <\/strong><\/h1><span class=\"blockspare-title-dash blockspare-lower-dash\"><\/span><\/div><div class=\"blockspare-subtitle-wrapper\"><span class=\"blockspare-title-dash blockspare-upper-dash\"><\/span><p class=\"blockspare-subtitle\"><strong>participan\u021bilor la pia\u021ba angro de gaze naturale<\/strong><\/p><span class=\"blockspare-title-dash blockspare-lower-dash\"><\/span><\/div><\/div><\/div>\n<\/div><\/div>\n\n\n\n<figure class=\"wp-block-table is-style-regular\"><table><thead><tr><th class=\"has-text-align-center\" data-align=\"center\">Codul ECRB<\/th><th class=\"has-text-align-center\" data-align=\"center\">Participantul<\/th><th class=\"has-text-align-center\" data-align=\"center\">\u021aara<\/th><th class=\"has-text-align-center\" data-align=\"center\">Adresa juridic\u0103<\/th><th class=\"has-text-align-center\" data-align=\"center\">Data \u00eenregistr\u0103rii<\/th><\/tr><\/thead><tbody><tr><td class=\"has-text-align-center\" data-align=\"center\">ECRB-MD-20230315-001<\/td><td class=\"has-text-align-center\" data-align=\"center\">SRL &#8220;Transautogaz&#8221;<\/td><td class=\"has-text-align-center\" data-align=\"center\">MD<\/td><td class=\"has-text-align-center\" data-align=\"center\">mun. Chi\u015fin\u0103u, str. Vadul lui Vod\u0103, 151<\/td><td class=\"has-text-align-center\" data-align=\"center\">07.04.2023<\/td><\/tr><tr><td class=\"has-text-align-center\" data-align=\"center\">ECRB-MD-20230320-002<\/td><td class=\"has-text-align-center\" data-align=\"center\">SRL &#8220;Natural Gaz D.C.&#8221;<\/td><td class=\"has-text-align-center\" data-align=\"center\">MD<\/td><td class=\"has-text-align-center\" data-align=\"center\">mun. Chi\u015fin\u0103u, str. Alexei \u0218ciusev, 55<\/td><td class=\"has-text-align-center\" data-align=\"center\">07.04.2023<\/td><\/tr><tr><td class=\"has-text-align-center\" data-align=\"center\">ECRB-MD-20230413-003<\/td><td class=\"has-text-align-center\" data-align=\"center\">SA &#8220;Moldovagaz&#8221;<\/td><td class=\"has-text-align-center\" data-align=\"center\">MD<\/td><td class=\"has-text-align-center\" data-align=\"center\">mun. Chi\u015fin\u0103u, str. Alexandr Pu\u015fkin, 64<\/td><td class=\"has-text-align-center\" data-align=\"center\">04.05.2023<\/td><\/tr><tr><td class=\"has-text-align-center\" data-align=\"center\">ECRB-MD-20230414-004<\/td><td class=\"has-text-align-center\" data-align=\"center\">SRL &#8220;Rotalin Gaz Trading&#8221;<\/td><td class=\"has-text-align-center\" data-align=\"center\">MD<\/td><td class=\"has-text-align-center\" data-align=\"center\">mun. Chi\u015fin\u0103u, str. Vasile Alexandri, 50<\/td><td class=\"has-text-align-center\" data-align=\"center\">04.05.2023<\/td><\/tr><tr><td class=\"has-text-align-center\" data-align=\"center\">ECRB-MD-20230503-005<\/td><td class=\"has-text-align-center\" data-align=\"center\">SRL &#8220;National Power Corp&#8221;<\/td><td class=\"has-text-align-center\" data-align=\"center\">MD<\/td><td class=\"has-text-align-center\" data-align=\"center\">mun. Chi\u015fin\u0103u, bd. Decebal, 6<\/td><td class=\"has-text-align-center\" data-align=\"center\">11.05.2023<\/td><\/tr><tr><td class=\"has-text-align-center\" data-align=\"center\"><\/td><td class=\"has-text-align-center\" data-align=\"center\"><\/td><td class=\"has-text-align-center\" data-align=\"center\">MD<\/td><td class=\"has-text-align-center\" data-align=\"center\"><\/td><td class=\"has-text-align-center\" data-align=\"center\"><\/td><\/tr><tr><td class=\"has-text-align-center\" data-align=\"center\"><\/td><td class=\"has-text-align-center\" data-align=\"center\"><\/td><td class=\"has-text-align-center\" data-align=\"center\"><\/td><td class=\"has-text-align-center\" data-align=\"center\"><\/td><td class=\"has-text-align-center\" data-align=\"center\"><\/td><\/tr><tr><td class=\"has-text-align-center\" data-align=\"center\"><\/td><td class=\"has-text-align-center\" data-align=\"center\"><\/td><td class=\"has-text-align-center\" data-align=\"center\"><\/td><td class=\"has-text-align-center\" data-align=\"center\"><\/td><td class=\"has-text-align-center\" data-align=\"center\"><\/td><\/tr><tr><td class=\"has-text-align-center\" data-align=\"center\"><\/td><td class=\"has-text-align-center\" data-align=\"center\"><\/td><td class=\"has-text-align-center\" data-align=\"center\"><\/td><td class=\"has-text-align-center\" data-align=\"center\"><\/td><td class=\"has-text-align-center\" data-align=\"center\"><\/td><\/tr><tr><td class=\"has-text-align-center\" data-align=\"center\"><\/td><td class=\"has-text-align-center\" data-align=\"center\"><\/td><td class=\"has-text-align-center\" data-align=\"center\"><\/td><td class=\"has-text-align-center\" data-align=\"center\"><\/td><td class=\"has-text-align-center\" data-align=\"center\"><\/td><\/tr><tr><td class=\"has-text-align-center\" data-align=\"center\"><\/td><td class=\"has-text-align-center\" data-align=\"center\"><\/td><td class=\"has-text-align-center\" data-align=\"center\"><\/td><td class=\"has-text-align-center\" data-align=\"center\"><\/td><td class=\"has-text-align-center\" data-align=\"center\"><\/td><\/tr><tr><td class=\"has-text-align-center\" data-align=\"center\"><\/td><td class=\"has-text-align-center\" data-align=\"center\"><\/td><td class=\"has-text-align-center\" data-align=\"center\"><\/td><td class=\"has-text-align-center\" data-align=\"center\"><\/td><td class=\"has-text-align-center\" data-align=\"center\"><\/td><\/tr><tr><td class=\"has-text-align-center\" data-align=\"center\"><\/td><td class=\"has-text-align-center\" data-align=\"center\"><\/td><td class=\"has-text-align-center\" data-align=\"center\"><\/td><td class=\"has-text-align-center\" data-align=\"center\"><\/td><td class=\"has-text-align-center\" data-align=\"center\"><\/td><\/tr><tr><td class=\"has-text-align-center\" data-align=\"center\"><\/td><td class=\"has-text-align-center\" data-align=\"center\"><\/td><td class=\"has-text-align-center\" data-align=\"center\"><\/td><td class=\"has-text-align-center\" data-align=\"center\"><\/td><td class=\"has-text-align-center\" data-align=\"center\"><\/td><\/tr><tr><td class=\"has-text-align-center\" data-align=\"center\"><\/td><td class=\"has-text-align-center\" data-align=\"center\"><\/td><td class=\"has-text-align-center\" data-align=\"center\"><\/td><td class=\"has-text-align-center\" data-align=\"center\"><\/td><td class=\"has-text-align-center\" data-align=\"center\"><\/td><\/tr><tr><td class=\"has-text-align-center\" data-align=\"center\"><\/td><td class=\"has-text-align-center\" data-align=\"center\"><\/td><td class=\"has-text-align-center\" data-align=\"center\"><\/td><td class=\"has-text-align-center\" data-align=\"center\"><\/td><td class=\"has-text-align-center\" data-align=\"center\"><\/td><\/tr><\/tbody><\/table><\/figure>\n","protected":false},"excerpt":{"rendered":"<p>Codul ECRB Participantul \u021aara Adresa juridic\u0103 Data \u00eenregistr\u0103rii ECRB-MD-20230315-001 SRL &#8220;Transautogaz&#8221; MD mun. Chi\u015fin\u0103u, str. Vadul lui Vod\u0103, 151 07.04.2023 ECRB-MD-20230320-002 SRL &#8220;Natural Gaz D.C.&#8221; MD mun. Chi\u015fin\u0103u, str. Alexei \u0218ciusev, 55 07.04.2023 ECRB-MD-20230413-003 SA &#8220;Moldovagaz&#8221; MD mun. Chi\u015fin\u0103u, str. Alexandr Pu\u015fkin, 64 04.05.2023 ECRB-MD-20230414-004 SRL &#8220;Rotalin Gaz Trading&#8221; MD mun. Chi\u015fin\u0103u, str. Vasile Alexandri, [&hellip;]<\/p>\n","protected":false},"author":1,"featured_media":0,"parent":0,"menu_order":0,"comment_status":"closed","ping_status":"closed","template":"","meta":{"_eb_attr":"","_uag_custom_page_level_css":"","footnotes":""},"uagb_featured_image_src":{"full":false,"thumbnail":false,"medium":false,"medium_large":false,"large":false,"1536x1536":false,"2048x2048":false,"siteorigin-corp-500x500-crop":false,"siteorigin-corp-720x480-crop":false,"sow-carousel-default":false},"uagb_author_info":{"display_name":"admin","author_link":"https:\/\/eget.md\/en\/archives\/author\/admin"},"uagb_comment_info":0,"uagb_excerpt":"Codul ECRB Participantul \u021aara Adresa juridic\u0103 Data \u00eenregistr\u0103rii ECRB-MD-20230315-001 SRL &#8220;Transautogaz&#8221; MD mun. Chi\u015fin\u0103u, str. Vadul lui Vod\u0103, 151 07.04.2023 ECRB-MD-20230320-002 SRL &#8220;Natural Gaz D.C.&#8221; MD mun. Chi\u015fin\u0103u, str. Alexei \u0218ciusev, 55 07.04.2023 ECRB-MD-20230413-003 SA &#8220;Moldovagaz&#8221; MD mun. Chi\u015fin\u0103u, str. Alexandr Pu\u015fkin, 64 04.05.2023 ECRB-MD-20230414-004 SRL &#8220;Rotalin Gaz Trading&#8221; MD mun. Chi\u015fin\u0103u, str. Vasile Alexandri,&hellip;","_links":{"self":[{"href":"https:\/\/eget.md\/en\/wp-json\/wp\/v2\/pages\/447"}],"collection":[{"href":"https:\/\/eget.md\/en\/wp-json\/wp\/v2\/pages"}],"about":[{"href":"https:\/\/eget.md\/en\/wp-json\/wp\/v2\/types\/page"}],"author":[{"embeddable":true,"href":"https:\/\/eget.md\/en\/wp-json\/wp\/v2\/users\/1"}],"replies":[{"embeddable":true,"href":"https:\/\/eget.md\/en\/wp-json\/wp\/v2\/comments?post=447"}],"version-history":[{"count":4,"href":"https:\/\/eget.md\/en\/wp-json\/wp\/v2\/pages\/447\/revisions"}],"predecessor-version":[{"id":671,"href":"https:\/\/eget.md\/en\/wp-json\/wp\/v2\/pages\/447\/revisions\/671"}],"wp:attachment":[{"href":"https:\/\/eget.md\/en\/wp-json\/wp\/v2\/media?parent=447"}],"curies":[{"name":"wp","href":"https:\/\/api.w.org\/{rel}","templated":true}]}}